{"id":1832,"date":"2025-09-18T12:22:25","date_gmt":"2025-09-18T12:22:25","guid":{"rendered":"https:\/\/nexushealth.swiss\/produit\/harmonia\/"},"modified":"2026-04-08T10:16:03","modified_gmt":"2026-04-08T10:16:03","slug":"harmonia","status":"publish","type":"product","link":"https:\/\/nexushealth.swiss\/en\/produit\/harmonia\/","title":{"rendered":"Harmonia"},"content":{"rendered":"<p><em>Harmonia<\/em> is a dietary supplement based on plants, vitamins, and minerals that helps reduce fatigue, supports hormonal balance, and contributes to the normal functioning of the nervous system and the immune system. It also helps maintain normal skin, mucous membranes, and bones, as well as balanced psychological functions.  Bottle of 90 capsules (1-month supply).<\/p>\n","protected":false},"excerpt":{"rendered":"<p><span style=\"font-weight: 400;\"><em>Harmonia<\/em> is a dietary supplement based on plants, vitamins and minerals that contributes to the reduction of fatigue, supports hormonal balance, and promotes normal functioning of the nervous system and immune system. It also helps maintain normal skin, mucous membranes and bone structure, as well as balanced psychological functions.<\/span><\/p>\n<p><span style=\"font-weight: 400;\">Bottle of 90 capsules (1-month supply).<\/span><\/p>\n","protected":false},"featured_media":1833,"comment_status":"open","ping_status":"closed","template":"","meta":{"_acf_changed":false,"_glsr_average":0,"_glsr_ranking":0,"_glsr_reviews":0},"product_brand":[],"product_cat":[67],"product_tag":[],"class_list":{"0":"post-1832","1":"product","2":"type-product","3":"status-publish","4":"has-post-thumbnail","6":"product_cat-one-time-purchase","8":"first","9":"instock","10":"shipping-taxable","11":"purchasable","12":"product-type-simple"},"acf":[],"yoast_head":"<!-- This site is optimized with the Yoast SEO plugin v27.5 - https:\/\/yoast.com\/product\/yoast-seo-wordpress\/ -->\n<title>Harmonia - Nexus Health Swiss<\/title>\n<meta name=\"robots\" content=\"index, follow, max-snippet:-1, max-image-preview:large, max-video-preview:-1\" \/>\n<link rel=\"canonical\" href=\"https:\/\/nexushealth.swiss\/en\/produit\/harmonia\/\" \/>\n<meta property=\"og:locale\" content=\"en_US\" \/>\n<meta property=\"og:type\" content=\"article\" \/>\n<meta property=\"og:title\" content=\"Harmonia - Nexus Health Swiss\" \/>\n<meta property=\"og:description\" content=\"Harmonia is a dietary supplement based on plants, vitamins and minerals that contributes to the reduction of fatigue, supports hormonal balance, and promotes normal functioning of the nervous system and immune system. It also helps maintain normal skin, mucous membranes and bone structure, as well as balanced psychological functions. Bottle of 90 capsules (1-month supply).\" \/>\n<meta property=\"og:url\" content=\"https:\/\/nexushealth.swiss\/en\/produit\/harmonia\/\" \/>\n<meta property=\"og:site_name\" content=\"Nexus Health Swiss\" \/>\n<meta property=\"article:publisher\" content=\"https:\/\/www.facebook.com\/profile.php?id=61568459648258\" \/>\n<meta property=\"article:modified_time\" content=\"2026-04-08T10:16:03+00:00\" \/>\n<meta property=\"og:image\" content=\"https:\/\/nexushealth.swiss\/wp-content\/uploads\/2025\/09\/Harmonia.jpg\" \/>\n\t<meta property=\"og:image:width\" content=\"1200\" \/>\n\t<meta property=\"og:image:height\" content=\"1500\" \/>\n\t<meta property=\"og:image:type\" content=\"image\/jpeg\" \/>\n<meta name=\"twitter:card\" content=\"summary_large_image\" \/>\n<meta name=\"twitter:label1\" content=\"Est. reading time\" \/>\n\t<meta name=\"twitter:data1\" content=\"1 minute\" \/>\n<script type=\"application\/ld+json\" class=\"yoast-schema-graph\">{\"@context\":\"https:\\\/\\\/schema.org\",\"@graph\":[{\"@type\":\"WebPage\",\"@id\":\"https:\\\/\\\/nexushealth.swiss\\\/en\\\/produit\\\/harmonia\\\/\",\"url\":\"https:\\\/\\\/nexushealth.swiss\\\/en\\\/produit\\\/harmonia\\\/\",\"name\":\"Harmonia - Nexus Health Swiss\",\"isPartOf\":{\"@id\":\"https:\\\/\\\/nexushealth.swiss\\\/en\\\/#website\"},\"primaryImageOfPage\":{\"@id\":\"https:\\\/\\\/nexushealth.swiss\\\/en\\\/produit\\\/harmonia\\\/#primaryimage\"},\"image\":{\"@id\":\"https:\\\/\\\/nexushealth.swiss\\\/en\\\/produit\\\/harmonia\\\/#primaryimage\"},\"thumbnailUrl\":\"https:\\\/\\\/nexushealth.swiss\\\/wp-content\\\/uploads\\\/2025\\\/09\\\/Harmonia.jpg\",\"datePublished\":\"2025-09-18T12:22:25+00:00\",\"dateModified\":\"2026-04-08T10:16:03+00:00\",\"breadcrumb\":{\"@id\":\"https:\\\/\\\/nexushealth.swiss\\\/en\\\/produit\\\/harmonia\\\/#breadcrumb\"},\"inLanguage\":\"en-US\",\"potentialAction\":[{\"@type\":\"ReadAction\",\"target\":[\"https:\\\/\\\/nexushealth.swiss\\\/en\\\/produit\\\/harmonia\\\/\"]}]},{\"@type\":\"ImageObject\",\"inLanguage\":\"en-US\",\"@id\":\"https:\\\/\\\/nexushealth.swiss\\\/en\\\/produit\\\/harmonia\\\/#primaryimage\",\"url\":\"https:\\\/\\\/nexushealth.swiss\\\/wp-content\\\/uploads\\\/2025\\\/09\\\/Harmonia.jpg\",\"contentUrl\":\"https:\\\/\\\/nexushealth.swiss\\\/wp-content\\\/uploads\\\/2025\\\/09\\\/Harmonia.jpg\",\"width\":1200,\"height\":1500},{\"@type\":\"BreadcrumbList\",\"@id\":\"https:\\\/\\\/nexushealth.swiss\\\/en\\\/produit\\\/harmonia\\\/#breadcrumb\",\"itemListElement\":[{\"@type\":\"ListItem\",\"position\":1,\"name\":\"Accueil\",\"item\":\"https:\\\/\\\/nexushealth.swiss\\\/en\\\/\"},{\"@type\":\"ListItem\",\"position\":2,\"name\":\"Shop\",\"item\":\"https:\\\/\\\/nexushealth.swiss\\\/en\\\/shop\\\/\"},{\"@type\":\"ListItem\",\"position\":3,\"name\":\"Harmonia\"}]},{\"@type\":\"WebSite\",\"@id\":\"https:\\\/\\\/nexushealth.swiss\\\/en\\\/#website\",\"url\":\"https:\\\/\\\/nexushealth.swiss\\\/en\\\/\",\"name\":\"Nexus Health Swiss\",\"description\":\"Qualit\u00e9 - Puret\u00e9 - Bien-\u00eatre\",\"publisher\":{\"@id\":\"https:\\\/\\\/nexushealth.swiss\\\/en\\\/#organization\"},\"potentialAction\":[{\"@type\":\"SearchAction\",\"target\":{\"@type\":\"EntryPoint\",\"urlTemplate\":\"https:\\\/\\\/nexushealth.swiss\\\/en\\\/?s={search_term_string}\"},\"query-input\":{\"@type\":\"PropertyValueSpecification\",\"valueRequired\":true,\"valueName\":\"search_term_string\"}}],\"inLanguage\":\"en-US\"},{\"@type\":\"Organization\",\"@id\":\"https:\\\/\\\/nexushealth.swiss\\\/en\\\/#organization\",\"name\":\"Nexus Health Swiss\",\"alternateName\":\"Nexus Health\",\"url\":\"https:\\\/\\\/nexushealth.swiss\\\/en\\\/\",\"logo\":{\"@type\":\"ImageObject\",\"inLanguage\":\"en-US\",\"@id\":\"https:\\\/\\\/nexushealth.swiss\\\/en\\\/#\\\/schema\\\/logo\\\/image\\\/\",\"url\":\"https:\\\/\\\/nexushealth.swiss\\\/wp-content\\\/uploads\\\/2025\\\/11\\\/Nexus_logo.jpg\",\"contentUrl\":\"https:\\\/\\\/nexushealth.swiss\\\/wp-content\\\/uploads\\\/2025\\\/11\\\/Nexus_logo.jpg\",\"width\":1467,\"height\":658,\"caption\":\"Nexus Health Swiss\"},\"image\":{\"@id\":\"https:\\\/\\\/nexushealth.swiss\\\/en\\\/#\\\/schema\\\/logo\\\/image\\\/\"},\"sameAs\":[\"https:\\\/\\\/www.facebook.com\\\/profile.php?id=61568459648258\",\"https:\\\/\\\/www.instagram.com\\\/nexus_health_swiss\",\"https:\\\/\\\/www.linkedin.com\\\/company\\\/nexus-health-swiss\\\/posts\\\/?feedView=all\"]}]}<\/script>\n<!-- \/ Yoast SEO plugin. -->","yoast_head_json":{"title":"Harmonia - Nexus Health Swiss","robots":{"index":"index","follow":"follow","max-snippet":"max-snippet:-1","max-image-preview":"max-image-preview:large","max-video-preview":"max-video-preview:-1"},"canonical":"https:\/\/nexushealth.swiss\/en\/produit\/harmonia\/","og_locale":"en_US","og_type":"article","og_title":"Harmonia - Nexus Health Swiss","og_description":"Harmonia is a dietary supplement based on plants, vitamins and minerals that contributes to the reduction of fatigue, supports hormonal balance, and promotes normal functioning of the nervous system and immune system. It also helps maintain normal skin, mucous membranes and bone structure, as well as balanced psychological functions. Bottle of 90 capsules (1-month supply).","og_url":"https:\/\/nexushealth.swiss\/en\/produit\/harmonia\/","og_site_name":"Nexus Health Swiss","article_publisher":"https:\/\/www.facebook.com\/profile.php?id=61568459648258","article_modified_time":"2026-04-08T10:16:03+00:00","og_image":[{"width":1200,"height":1500,"url":"https:\/\/nexushealth.swiss\/wp-content\/uploads\/2025\/09\/Harmonia.jpg","type":"image\/jpeg"}],"twitter_card":"summary_large_image","twitter_misc":{"Est. reading time":"1 minute"},"schema":{"@context":"https:\/\/schema.org","@graph":[{"@type":"WebPage","@id":"https:\/\/nexushealth.swiss\/en\/produit\/harmonia\/","url":"https:\/\/nexushealth.swiss\/en\/produit\/harmonia\/","name":"Harmonia - Nexus Health Swiss","isPartOf":{"@id":"https:\/\/nexushealth.swiss\/en\/#website"},"primaryImageOfPage":{"@id":"https:\/\/nexushealth.swiss\/en\/produit\/harmonia\/#primaryimage"},"image":{"@id":"https:\/\/nexushealth.swiss\/en\/produit\/harmonia\/#primaryimage"},"thumbnailUrl":"https:\/\/nexushealth.swiss\/wp-content\/uploads\/2025\/09\/Harmonia.jpg","datePublished":"2025-09-18T12:22:25+00:00","dateModified":"2026-04-08T10:16:03+00:00","breadcrumb":{"@id":"https:\/\/nexushealth.swiss\/en\/produit\/harmonia\/#breadcrumb"},"inLanguage":"en-US","potentialAction":[{"@type":"ReadAction","target":["https:\/\/nexushealth.swiss\/en\/produit\/harmonia\/"]}]},{"@type":"ImageObject","inLanguage":"en-US","@id":"https:\/\/nexushealth.swiss\/en\/produit\/harmonia\/#primaryimage","url":"https:\/\/nexushealth.swiss\/wp-content\/uploads\/2025\/09\/Harmonia.jpg","contentUrl":"https:\/\/nexushealth.swiss\/wp-content\/uploads\/2025\/09\/Harmonia.jpg","width":1200,"height":1500},{"@type":"BreadcrumbList","@id":"https:\/\/nexushealth.swiss\/en\/produit\/harmonia\/#breadcrumb","itemListElement":[{"@type":"ListItem","position":1,"name":"Accueil","item":"https:\/\/nexushealth.swiss\/en\/"},{"@type":"ListItem","position":2,"name":"Shop","item":"https:\/\/nexushealth.swiss\/en\/shop\/"},{"@type":"ListItem","position":3,"name":"Harmonia"}]},{"@type":"WebSite","@id":"https:\/\/nexushealth.swiss\/en\/#website","url":"https:\/\/nexushealth.swiss\/en\/","name":"Nexus Health Swiss","description":"Qualit\u00e9 - Puret\u00e9 - Bien-\u00eatre","publisher":{"@id":"https:\/\/nexushealth.swiss\/en\/#organization"},"potentialAction":[{"@type":"SearchAction","target":{"@type":"EntryPoint","urlTemplate":"https:\/\/nexushealth.swiss\/en\/?s={search_term_string}"},"query-input":{"@type":"PropertyValueSpecification","valueRequired":true,"valueName":"search_term_string"}}],"inLanguage":"en-US"},{"@type":"Organization","@id":"https:\/\/nexushealth.swiss\/en\/#organization","name":"Nexus Health Swiss","alternateName":"Nexus Health","url":"https:\/\/nexushealth.swiss\/en\/","logo":{"@type":"ImageObject","inLanguage":"en-US","@id":"https:\/\/nexushealth.swiss\/en\/#\/schema\/logo\/image\/","url":"https:\/\/nexushealth.swiss\/wp-content\/uploads\/2025\/11\/Nexus_logo.jpg","contentUrl":"https:\/\/nexushealth.swiss\/wp-content\/uploads\/2025\/11\/Nexus_logo.jpg","width":1467,"height":658,"caption":"Nexus Health Swiss"},"image":{"@id":"https:\/\/nexushealth.swiss\/en\/#\/schema\/logo\/image\/"},"sameAs":["https:\/\/www.facebook.com\/profile.php?id=61568459648258","https:\/\/www.instagram.com\/nexus_health_swiss","https:\/\/www.linkedin.com\/company\/nexus-health-swiss\/posts\/?feedView=all"]}]}},"_links":{"self":[{"href":"https:\/\/nexushealth.swiss\/en\/wp-json\/wp\/v2\/product\/1832","targetHints":{"allow":["GET"]}}],"collection":[{"href":"https:\/\/nexushealth.swiss\/en\/wp-json\/wp\/v2\/product"}],"about":[{"href":"https:\/\/nexushealth.swiss\/en\/wp-json\/wp\/v2\/types\/product"}],"replies":[{"embeddable":true,"href":"https:\/\/nexushealth.swiss\/en\/wp-json\/wp\/v2\/comments?post=1832"}],"version-history":[{"count":3,"href":"https:\/\/nexushealth.swiss\/en\/wp-json\/wp\/v2\/product\/1832\/revisions"}],"predecessor-version":[{"id":1933,"href":"https:\/\/nexushealth.swiss\/en\/wp-json\/wp\/v2\/product\/1832\/revisions\/1933"}],"wp:featuredmedia":[{"embeddable":true,"href":"https:\/\/nexushealth.swiss\/en\/wp-json\/wp\/v2\/media\/1833"}],"wp:attachment":[{"href":"https:\/\/nexushealth.swiss\/en\/wp-json\/wp\/v2\/media?parent=1832"}],"wp:term":[{"taxonomy":"product_brand","embeddable":true,"href":"https:\/\/nexushealth.swiss\/en\/wp-json\/wp\/v2\/product_brand?post=1832"},{"taxonomy":"product_cat","embeddable":true,"href":"https:\/\/nexushealth.swiss\/en\/wp-json\/wp\/v2\/product_cat?post=1832"},{"taxonomy":"product_tag","embeddable":true,"href":"https:\/\/nexushealth.swiss\/en\/wp-json\/wp\/v2\/product_tag?post=1832"}],"curies":[{"name":"wp","href":"https:\/\/api.w.org\/{rel}","templated":true}]}}