{"id":1834,"date":"2025-09-18T12:22:25","date_gmt":"2025-09-18T12:22:25","guid":{"rendered":"https:\/\/nexushealth.swiss\/produit\/harmonia\/"},"modified":"2026-04-08T10:16:02","modified_gmt":"2026-04-08T10:16:02","slug":"harmonia","status":"publish","type":"product","link":"https:\/\/nexushealth.swiss\/de\/produit\/harmonia\/","title":{"rendered":"Harmonia"},"content":{"rendered":"<p><em>Harmonia<\/em> ist ein Nahrungserg\u00e4nzungsmittel auf Basis von Pflanzen, Vitaminen und Mineralien, das zur Verringerung von M\u00fcdigkeit, zur Unterst\u00fctzung des Hormonhaushalts und zur normalen Funktion des Nerven- und Immunsystems beitr\u00e4gt. Es hilft auch bei der Erhaltung normaler Haut, Schleimh\u00e4ute und Knochen sowie bei ausgeglichenen psychischen Funktionen. Flasche mit 90 Kapseln (Dosierung f\u00fcr 1 Monat).  <\/p>\n","protected":false},"excerpt":{"rendered":"<p><span style=\"font-weight: 400;\"><em>Harmonia<\/em> ist ein Nahrungserg\u00e4nzungsmittel auf Basis von Pflanzen, Vitaminen und Mineralien, das zur Reduzierung von M\u00fcdigkeit, zur Unterst\u00fctzung des Hormonhaushalts und zur normalen Funktion des Nerven- und Immunsystems beitr\u00e4gt. Es hilft auch, eine normale Haut, Schleimh\u00e4ute und Knochen sowie ausgeglichene psychologische Funktionen zu erhalten.<\/span><\/p>\n<p><span style=\"font-weight: 400;\">Flasche mit 90 Kapseln (Dosierung f\u00fcr 1 Monat).<\/span><\/p>\n","protected":false},"featured_media":1835,"comment_status":"open","ping_status":"closed","template":"","meta":{"_acf_changed":false,"_glsr_average":0,"_glsr_ranking":0,"_glsr_reviews":0},"product_brand":[],"product_cat":[64],"product_tag":[],"class_list":{"0":"post-1834","1":"product","2":"type-product","3":"status-publish","4":"has-post-thumbnail","6":"product_cat-einmalkauf","8":"first","9":"instock","10":"shipping-taxable","11":"purchasable","12":"product-type-simple"},"acf":[],"yoast_head":"<!-- This site is optimized with the Yoast SEO plugin v27.5 - https:\/\/yoast.com\/product\/yoast-seo-wordpress\/ -->\n<title>Harmonia - Nexus Health Swiss<\/title>\n<meta name=\"robots\" content=\"index, follow, max-snippet:-1, max-image-preview:large, max-video-preview:-1\" \/>\n<link rel=\"canonical\" href=\"https:\/\/nexushealth.swiss\/de\/produit\/harmonia\/\" \/>\n<meta property=\"og:locale\" content=\"de_DE\" \/>\n<meta property=\"og:type\" content=\"article\" \/>\n<meta property=\"og:title\" content=\"Harmonia - Nexus Health Swiss\" \/>\n<meta property=\"og:description\" content=\"Harmonia ist ein Nahrungserg\u00e4nzungsmittel auf Basis von Pflanzen, Vitaminen und Mineralien, das zur Reduzierung von M\u00fcdigkeit, zur Unterst\u00fctzung des Hormonhaushalts und zur normalen Funktion des Nerven- und Immunsystems beitr\u00e4gt. Es hilft auch, eine normale Haut, Schleimh\u00e4ute und Knochen sowie ausgeglichene psychologische Funktionen zu erhalten. Flasche mit 90 Kapseln (Dosierung f\u00fcr 1 Monat).\" \/>\n<meta property=\"og:url\" content=\"https:\/\/nexushealth.swiss\/de\/produit\/harmonia\/\" \/>\n<meta property=\"og:site_name\" content=\"Nexus Health Swiss\" \/>\n<meta property=\"article:publisher\" content=\"https:\/\/www.facebook.com\/profile.php?id=61568459648258\" \/>\n<meta property=\"article:modified_time\" content=\"2026-04-08T10:16:02+00:00\" \/>\n<meta property=\"og:image\" content=\"https:\/\/nexushealth.swiss\/wp-content\/uploads\/2025\/09\/Harmonia.jpg\" \/>\n\t<meta property=\"og:image:width\" content=\"1200\" \/>\n\t<meta property=\"og:image:height\" content=\"1500\" \/>\n\t<meta property=\"og:image:type\" content=\"image\/jpeg\" \/>\n<meta name=\"twitter:card\" content=\"summary_large_image\" \/>\n<script type=\"application\/ld+json\" class=\"yoast-schema-graph\">{\"@context\":\"https:\\\/\\\/schema.org\",\"@graph\":[{\"@type\":\"WebPage\",\"@id\":\"https:\\\/\\\/nexushealth.swiss\\\/de\\\/produit\\\/harmonia\\\/\",\"url\":\"https:\\\/\\\/nexushealth.swiss\\\/de\\\/produit\\\/harmonia\\\/\",\"name\":\"Harmonia - Nexus Health Swiss\",\"isPartOf\":{\"@id\":\"https:\\\/\\\/nexushealth.swiss\\\/de\\\/#website\"},\"primaryImageOfPage\":{\"@id\":\"https:\\\/\\\/nexushealth.swiss\\\/de\\\/produit\\\/harmonia\\\/#primaryimage\"},\"image\":{\"@id\":\"https:\\\/\\\/nexushealth.swiss\\\/de\\\/produit\\\/harmonia\\\/#primaryimage\"},\"thumbnailUrl\":\"https:\\\/\\\/nexushealth.swiss\\\/wp-content\\\/uploads\\\/2025\\\/09\\\/Harmonia.jpg\",\"datePublished\":\"2025-09-18T12:22:25+00:00\",\"dateModified\":\"2026-04-08T10:16:02+00:00\",\"breadcrumb\":{\"@id\":\"https:\\\/\\\/nexushealth.swiss\\\/de\\\/produit\\\/harmonia\\\/#breadcrumb\"},\"inLanguage\":\"de\",\"potentialAction\":[{\"@type\":\"ReadAction\",\"target\":[\"https:\\\/\\\/nexushealth.swiss\\\/de\\\/produit\\\/harmonia\\\/\"]}]},{\"@type\":\"ImageObject\",\"inLanguage\":\"de\",\"@id\":\"https:\\\/\\\/nexushealth.swiss\\\/de\\\/produit\\\/harmonia\\\/#primaryimage\",\"url\":\"https:\\\/\\\/nexushealth.swiss\\\/wp-content\\\/uploads\\\/2025\\\/09\\\/Harmonia.jpg\",\"contentUrl\":\"https:\\\/\\\/nexushealth.swiss\\\/wp-content\\\/uploads\\\/2025\\\/09\\\/Harmonia.jpg\",\"width\":1200,\"height\":1500},{\"@type\":\"BreadcrumbList\",\"@id\":\"https:\\\/\\\/nexushealth.swiss\\\/de\\\/produit\\\/harmonia\\\/#breadcrumb\",\"itemListElement\":[{\"@type\":\"ListItem\",\"position\":1,\"name\":\"Accueil\",\"item\":\"https:\\\/\\\/nexushealth.swiss\\\/de\\\/startseite\\\/\"},{\"@type\":\"ListItem\",\"position\":2,\"name\":\"Shop\",\"item\":\"https:\\\/\\\/nexushealth.swiss\\\/de\\\/shop\\\/\"},{\"@type\":\"ListItem\",\"position\":3,\"name\":\"Harmonia\"}]},{\"@type\":\"WebSite\",\"@id\":\"https:\\\/\\\/nexushealth.swiss\\\/de\\\/#website\",\"url\":\"https:\\\/\\\/nexushealth.swiss\\\/de\\\/\",\"name\":\"Nexus Health Swiss\",\"description\":\"Qualit\u00e9 - Puret\u00e9 - Bien-\u00eatre\",\"publisher\":{\"@id\":\"https:\\\/\\\/nexushealth.swiss\\\/de\\\/#organization\"},\"potentialAction\":[{\"@type\":\"SearchAction\",\"target\":{\"@type\":\"EntryPoint\",\"urlTemplate\":\"https:\\\/\\\/nexushealth.swiss\\\/de\\\/?s={search_term_string}\"},\"query-input\":{\"@type\":\"PropertyValueSpecification\",\"valueRequired\":true,\"valueName\":\"search_term_string\"}}],\"inLanguage\":\"de\"},{\"@type\":\"Organization\",\"@id\":\"https:\\\/\\\/nexushealth.swiss\\\/de\\\/#organization\",\"name\":\"Nexus Health Swiss\",\"alternateName\":\"Nexus Health\",\"url\":\"https:\\\/\\\/nexushealth.swiss\\\/de\\\/\",\"logo\":{\"@type\":\"ImageObject\",\"inLanguage\":\"de\",\"@id\":\"https:\\\/\\\/nexushealth.swiss\\\/de\\\/#\\\/schema\\\/logo\\\/image\\\/\",\"url\":\"https:\\\/\\\/nexushealth.swiss\\\/wp-content\\\/uploads\\\/2025\\\/11\\\/Nexus_logo.jpg\",\"contentUrl\":\"https:\\\/\\\/nexushealth.swiss\\\/wp-content\\\/uploads\\\/2025\\\/11\\\/Nexus_logo.jpg\",\"width\":1467,\"height\":658,\"caption\":\"Nexus Health Swiss\"},\"image\":{\"@id\":\"https:\\\/\\\/nexushealth.swiss\\\/de\\\/#\\\/schema\\\/logo\\\/image\\\/\"},\"sameAs\":[\"https:\\\/\\\/www.facebook.com\\\/profile.php?id=61568459648258\",\"https:\\\/\\\/www.instagram.com\\\/nexus_health_swiss\",\"https:\\\/\\\/www.linkedin.com\\\/company\\\/nexus-health-swiss\\\/posts\\\/?feedView=all\"]}]}<\/script>\n<!-- \/ Yoast SEO plugin. -->","yoast_head_json":{"title":"Harmonia - Nexus Health Swiss","robots":{"index":"index","follow":"follow","max-snippet":"max-snippet:-1","max-image-preview":"max-image-preview:large","max-video-preview":"max-video-preview:-1"},"canonical":"https:\/\/nexushealth.swiss\/de\/produit\/harmonia\/","og_locale":"de_DE","og_type":"article","og_title":"Harmonia - Nexus Health Swiss","og_description":"Harmonia ist ein Nahrungserg\u00e4nzungsmittel auf Basis von Pflanzen, Vitaminen und Mineralien, das zur Reduzierung von M\u00fcdigkeit, zur Unterst\u00fctzung des Hormonhaushalts und zur normalen Funktion des Nerven- und Immunsystems beitr\u00e4gt. Es hilft auch, eine normale Haut, Schleimh\u00e4ute und Knochen sowie ausgeglichene psychologische Funktionen zu erhalten. Flasche mit 90 Kapseln (Dosierung f\u00fcr 1 Monat).","og_url":"https:\/\/nexushealth.swiss\/de\/produit\/harmonia\/","og_site_name":"Nexus Health Swiss","article_publisher":"https:\/\/www.facebook.com\/profile.php?id=61568459648258","article_modified_time":"2026-04-08T10:16:02+00:00","og_image":[{"width":1200,"height":1500,"url":"https:\/\/nexushealth.swiss\/wp-content\/uploads\/2025\/09\/Harmonia.jpg","type":"image\/jpeg"}],"twitter_card":"summary_large_image","schema":{"@context":"https:\/\/schema.org","@graph":[{"@type":"WebPage","@id":"https:\/\/nexushealth.swiss\/de\/produit\/harmonia\/","url":"https:\/\/nexushealth.swiss\/de\/produit\/harmonia\/","name":"Harmonia - Nexus Health Swiss","isPartOf":{"@id":"https:\/\/nexushealth.swiss\/de\/#website"},"primaryImageOfPage":{"@id":"https:\/\/nexushealth.swiss\/de\/produit\/harmonia\/#primaryimage"},"image":{"@id":"https:\/\/nexushealth.swiss\/de\/produit\/harmonia\/#primaryimage"},"thumbnailUrl":"https:\/\/nexushealth.swiss\/wp-content\/uploads\/2025\/09\/Harmonia.jpg","datePublished":"2025-09-18T12:22:25+00:00","dateModified":"2026-04-08T10:16:02+00:00","breadcrumb":{"@id":"https:\/\/nexushealth.swiss\/de\/produit\/harmonia\/#breadcrumb"},"inLanguage":"de","potentialAction":[{"@type":"ReadAction","target":["https:\/\/nexushealth.swiss\/de\/produit\/harmonia\/"]}]},{"@type":"ImageObject","inLanguage":"de","@id":"https:\/\/nexushealth.swiss\/de\/produit\/harmonia\/#primaryimage","url":"https:\/\/nexushealth.swiss\/wp-content\/uploads\/2025\/09\/Harmonia.jpg","contentUrl":"https:\/\/nexushealth.swiss\/wp-content\/uploads\/2025\/09\/Harmonia.jpg","width":1200,"height":1500},{"@type":"BreadcrumbList","@id":"https:\/\/nexushealth.swiss\/de\/produit\/harmonia\/#breadcrumb","itemListElement":[{"@type":"ListItem","position":1,"name":"Accueil","item":"https:\/\/nexushealth.swiss\/de\/startseite\/"},{"@type":"ListItem","position":2,"name":"Shop","item":"https:\/\/nexushealth.swiss\/de\/shop\/"},{"@type":"ListItem","position":3,"name":"Harmonia"}]},{"@type":"WebSite","@id":"https:\/\/nexushealth.swiss\/de\/#website","url":"https:\/\/nexushealth.swiss\/de\/","name":"Nexus Health Swiss","description":"Qualit\u00e9 - Puret\u00e9 - Bien-\u00eatre","publisher":{"@id":"https:\/\/nexushealth.swiss\/de\/#organization"},"potentialAction":[{"@type":"SearchAction","target":{"@type":"EntryPoint","urlTemplate":"https:\/\/nexushealth.swiss\/de\/?s={search_term_string}"},"query-input":{"@type":"PropertyValueSpecification","valueRequired":true,"valueName":"search_term_string"}}],"inLanguage":"de"},{"@type":"Organization","@id":"https:\/\/nexushealth.swiss\/de\/#organization","name":"Nexus Health Swiss","alternateName":"Nexus Health","url":"https:\/\/nexushealth.swiss\/de\/","logo":{"@type":"ImageObject","inLanguage":"de","@id":"https:\/\/nexushealth.swiss\/de\/#\/schema\/logo\/image\/","url":"https:\/\/nexushealth.swiss\/wp-content\/uploads\/2025\/11\/Nexus_logo.jpg","contentUrl":"https:\/\/nexushealth.swiss\/wp-content\/uploads\/2025\/11\/Nexus_logo.jpg","width":1467,"height":658,"caption":"Nexus Health Swiss"},"image":{"@id":"https:\/\/nexushealth.swiss\/de\/#\/schema\/logo\/image\/"},"sameAs":["https:\/\/www.facebook.com\/profile.php?id=61568459648258","https:\/\/www.instagram.com\/nexus_health_swiss","https:\/\/www.linkedin.com\/company\/nexus-health-swiss\/posts\/?feedView=all"]}]}},"_links":{"self":[{"href":"https:\/\/nexushealth.swiss\/de\/wp-json\/wp\/v2\/product\/1834","targetHints":{"allow":["GET"]}}],"collection":[{"href":"https:\/\/nexushealth.swiss\/de\/wp-json\/wp\/v2\/product"}],"about":[{"href":"https:\/\/nexushealth.swiss\/de\/wp-json\/wp\/v2\/types\/product"}],"replies":[{"embeddable":true,"href":"https:\/\/nexushealth.swiss\/de\/wp-json\/wp\/v2\/comments?post=1834"}],"version-history":[{"count":2,"href":"https:\/\/nexushealth.swiss\/de\/wp-json\/wp\/v2\/product\/1834\/revisions"}],"predecessor-version":[{"id":1922,"href":"https:\/\/nexushealth.swiss\/de\/wp-json\/wp\/v2\/product\/1834\/revisions\/1922"}],"wp:featuredmedia":[{"embeddable":true,"href":"https:\/\/nexushealth.swiss\/de\/wp-json\/wp\/v2\/media\/1835"}],"wp:attachment":[{"href":"https:\/\/nexushealth.swiss\/de\/wp-json\/wp\/v2\/media?parent=1834"}],"wp:term":[{"taxonomy":"product_brand","embeddable":true,"href":"https:\/\/nexushealth.swiss\/de\/wp-json\/wp\/v2\/product_brand?post=1834"},{"taxonomy":"product_cat","embeddable":true,"href":"https:\/\/nexushealth.swiss\/de\/wp-json\/wp\/v2\/product_cat?post=1834"},{"taxonomy":"product_tag","embeddable":true,"href":"https:\/\/nexushealth.swiss\/de\/wp-json\/wp\/v2\/product_tag?post=1834"}],"curies":[{"name":"wp","href":"https:\/\/api.w.org\/{rel}","templated":true}]}}