{"id":1816,"date":"2025-09-17T04:14:14","date_gmt":"2025-09-17T04:14:14","guid":{"rendered":"https:\/\/nexushealth.swiss\/produit\/calm\/"},"modified":"2026-04-08T10:09:41","modified_gmt":"2026-04-08T10:09:41","slug":"calm","status":"publish","type":"product","link":"https:\/\/nexushealth.swiss\/de\/produit\/calm\/","title":{"rendered":"Calm"},"content":{"rendered":"<p><em>Calm<\/em> ist ein Nahrungserg\u00e4nzungsmittel auf Basis von Pflanzen, Vitaminen und Mineralstoffen, die zu einer normalen Funktion des Nervensystems, zur Verringerung von M\u00fcdigkeit, zu einem normalen Energiestoffwechsel, zu einer normalen psychischen Funktion, zu einer normalen Muskelfunktion sowie zu einer normalen Funktion des Immunsystems beitragen. Dose mit 90 Kapseln (Monatspackung). <\/p>\n","protected":false},"excerpt":{"rendered":"<p><span style=\"font-weight: 400;\"><em>Calm<\/em> ist ein Nahrungserg\u00e4nzungsmittel auf Basis von Pflanzen, Vitaminen und Mineralstoffen, die zu einer normalen Funktion des Nervensystems, zur Verringerung von M\u00fcdigkeit, zu einem normalen Energiestoffwechsel, zu einer normalen psychischen Funktion, zu einer normalen Muskelfunktion sowie zu einer normalen Funktion des Immunsystems beitragen.<\/span><\/p>\n<p><span style=\"font-weight: 400;\">Dose mit 90 Kapseln (Monatsvorrat).<\/span><\/p>\n","protected":false},"featured_media":1818,"comment_status":"open","ping_status":"closed","template":"","meta":{"_acf_changed":false,"_glsr_average":0,"_glsr_ranking":0,"_glsr_reviews":0},"product_brand":[],"product_cat":[64],"product_tag":[],"class_list":{"0":"post-1816","1":"product","2":"type-product","3":"status-publish","4":"has-post-thumbnail","6":"product_cat-einmalkauf","8":"first","9":"instock","10":"shipping-taxable","11":"purchasable","12":"product-type-simple"},"acf":[],"yoast_head":"<!-- This site is optimized with the Yoast SEO plugin v27.2 - https:\/\/yoast.com\/product\/yoast-seo-wordpress\/ -->\n<title>Calm - Nexus Health Swiss<\/title>\n<meta name=\"robots\" content=\"index, follow, max-snippet:-1, max-image-preview:large, max-video-preview:-1\" \/>\n<link rel=\"canonical\" href=\"https:\/\/nexushealth.swiss\/de\/produit\/calm\/\" \/>\n<meta property=\"og:locale\" content=\"de_DE\" \/>\n<meta property=\"og:type\" content=\"article\" \/>\n<meta property=\"og:title\" content=\"Calm - Nexus Health Swiss\" \/>\n<meta property=\"og:description\" content=\"Calm ist ein Nahrungserg\u00e4nzungsmittel auf Basis von Pflanzen, Vitaminen und Mineralstoffen, die zu einer normalen Funktion des Nervensystems, zur Verringerung von M\u00fcdigkeit, zu einem normalen Energiestoffwechsel, zu einer normalen psychischen Funktion, zu einer normalen Muskelfunktion sowie zu einer normalen Funktion des Immunsystems beitragen. Dose mit 90 Kapseln (Monatsvorrat).\" \/>\n<meta property=\"og:url\" content=\"https:\/\/nexushealth.swiss\/de\/produit\/calm\/\" \/>\n<meta property=\"og:site_name\" content=\"Nexus Health Swiss\" \/>\n<meta property=\"article:publisher\" content=\"https:\/\/www.facebook.com\/profile.php?id=61568459648258\" \/>\n<meta property=\"article:modified_time\" content=\"2026-04-08T10:09:41+00:00\" \/>\n<meta property=\"og:image\" content=\"https:\/\/nexushealth.swiss\/wp-content\/uploads\/2025\/09\/Calm.jpg\" \/>\n\t<meta property=\"og:image:width\" content=\"1200\" \/>\n\t<meta property=\"og:image:height\" content=\"1500\" \/>\n\t<meta property=\"og:image:type\" content=\"image\/jpeg\" \/>\n<meta name=\"twitter:card\" content=\"summary_large_image\" \/>\n<script type=\"application\/ld+json\" class=\"yoast-schema-graph\">{\"@context\":\"https:\/\/schema.org\",\"@graph\":[{\"@type\":\"WebPage\",\"@id\":\"https:\/\/nexushealth.swiss\/de\/produit\/calm\/\",\"url\":\"https:\/\/nexushealth.swiss\/de\/produit\/calm\/\",\"name\":\"Calm - Nexus Health Swiss\",\"isPartOf\":{\"@id\":\"https:\/\/nexushealth.swiss\/de\/#website\"},\"primaryImageOfPage\":{\"@id\":\"https:\/\/nexushealth.swiss\/de\/produit\/calm\/#primaryimage\"},\"image\":{\"@id\":\"https:\/\/nexushealth.swiss\/de\/produit\/calm\/#primaryimage\"},\"thumbnailUrl\":\"https:\/\/nexushealth.swiss\/wp-content\/uploads\/2025\/09\/Calm.jpg\",\"datePublished\":\"2025-09-17T04:14:14+00:00\",\"dateModified\":\"2026-04-08T10:09:41+00:00\",\"breadcrumb\":{\"@id\":\"https:\/\/nexushealth.swiss\/de\/produit\/calm\/#breadcrumb\"},\"inLanguage\":\"de\",\"potentialAction\":[{\"@type\":\"ReadAction\",\"target\":[\"https:\/\/nexushealth.swiss\/de\/produit\/calm\/\"]}]},{\"@type\":\"ImageObject\",\"inLanguage\":\"de\",\"@id\":\"https:\/\/nexushealth.swiss\/de\/produit\/calm\/#primaryimage\",\"url\":\"https:\/\/nexushealth.swiss\/wp-content\/uploads\/2025\/09\/Calm.jpg\",\"contentUrl\":\"https:\/\/nexushealth.swiss\/wp-content\/uploads\/2025\/09\/Calm.jpg\",\"width\":1200,\"height\":1500},{\"@type\":\"BreadcrumbList\",\"@id\":\"https:\/\/nexushealth.swiss\/de\/produit\/calm\/#breadcrumb\",\"itemListElement\":[{\"@type\":\"ListItem\",\"position\":1,\"name\":\"Accueil\",\"item\":\"https:\/\/nexushealth.swiss\/de\/startseite\/\"},{\"@type\":\"ListItem\",\"position\":2,\"name\":\"Shop\",\"item\":\"https:\/\/nexushealth.swiss\/de\/shop\/\"},{\"@type\":\"ListItem\",\"position\":3,\"name\":\"Calm\"}]},{\"@type\":\"WebSite\",\"@id\":\"https:\/\/nexushealth.swiss\/de\/#website\",\"url\":\"https:\/\/nexushealth.swiss\/de\/\",\"name\":\"Nexus Health Swiss\",\"description\":\"Qualit\u00e9 - Puret\u00e9 - Bien-\u00eatre\",\"publisher\":{\"@id\":\"https:\/\/nexushealth.swiss\/de\/#organization\"},\"potentialAction\":[{\"@type\":\"SearchAction\",\"target\":{\"@type\":\"EntryPoint\",\"urlTemplate\":\"https:\/\/nexushealth.swiss\/de\/?s={search_term_string}\"},\"query-input\":{\"@type\":\"PropertyValueSpecification\",\"valueRequired\":true,\"valueName\":\"search_term_string\"}}],\"inLanguage\":\"de\"},{\"@type\":\"Organization\",\"@id\":\"https:\/\/nexushealth.swiss\/de\/#organization\",\"name\":\"Nexus Health Swiss\",\"alternateName\":\"Nexus Health\",\"url\":\"https:\/\/nexushealth.swiss\/de\/\",\"logo\":{\"@type\":\"ImageObject\",\"inLanguage\":\"de\",\"@id\":\"https:\/\/nexushealth.swiss\/de\/#\/schema\/logo\/image\/\",\"url\":\"https:\/\/nexushealth.swiss\/wp-content\/uploads\/2025\/11\/Nexus_logo.jpg\",\"contentUrl\":\"https:\/\/nexushealth.swiss\/wp-content\/uploads\/2025\/11\/Nexus_logo.jpg\",\"width\":1467,\"height\":658,\"caption\":\"Nexus Health Swiss\"},\"image\":{\"@id\":\"https:\/\/nexushealth.swiss\/de\/#\/schema\/logo\/image\/\"},\"sameAs\":[\"https:\/\/www.facebook.com\/profile.php?id=61568459648258\",\"https:\/\/www.instagram.com\/nexus_health_swiss\",\"https:\/\/www.linkedin.com\/company\/nexus-health-swiss\/posts\/?feedView=all\"]}]}<\/script>\n<!-- \/ Yoast SEO plugin. -->","yoast_head_json":{"title":"Calm - Nexus Health Swiss","robots":{"index":"index","follow":"follow","max-snippet":"max-snippet:-1","max-image-preview":"max-image-preview:large","max-video-preview":"max-video-preview:-1"},"canonical":"https:\/\/nexushealth.swiss\/de\/produit\/calm\/","og_locale":"de_DE","og_type":"article","og_title":"Calm - Nexus Health Swiss","og_description":"Calm ist ein Nahrungserg\u00e4nzungsmittel auf Basis von Pflanzen, Vitaminen und Mineralstoffen, die zu einer normalen Funktion des Nervensystems, zur Verringerung von M\u00fcdigkeit, zu einem normalen Energiestoffwechsel, zu einer normalen psychischen Funktion, zu einer normalen Muskelfunktion sowie zu einer normalen Funktion des Immunsystems beitragen. Dose mit 90 Kapseln (Monatsvorrat).","og_url":"https:\/\/nexushealth.swiss\/de\/produit\/calm\/","og_site_name":"Nexus Health Swiss","article_publisher":"https:\/\/www.facebook.com\/profile.php?id=61568459648258","article_modified_time":"2026-04-08T10:09:41+00:00","og_image":[{"width":1200,"height":1500,"url":"https:\/\/nexushealth.swiss\/wp-content\/uploads\/2025\/09\/Calm.jpg","type":"image\/jpeg"}],"twitter_card":"summary_large_image","schema":{"@context":"https:\/\/schema.org","@graph":[{"@type":"WebPage","@id":"https:\/\/nexushealth.swiss\/de\/produit\/calm\/","url":"https:\/\/nexushealth.swiss\/de\/produit\/calm\/","name":"Calm - Nexus Health Swiss","isPartOf":{"@id":"https:\/\/nexushealth.swiss\/de\/#website"},"primaryImageOfPage":{"@id":"https:\/\/nexushealth.swiss\/de\/produit\/calm\/#primaryimage"},"image":{"@id":"https:\/\/nexushealth.swiss\/de\/produit\/calm\/#primaryimage"},"thumbnailUrl":"https:\/\/nexushealth.swiss\/wp-content\/uploads\/2025\/09\/Calm.jpg","datePublished":"2025-09-17T04:14:14+00:00","dateModified":"2026-04-08T10:09:41+00:00","breadcrumb":{"@id":"https:\/\/nexushealth.swiss\/de\/produit\/calm\/#breadcrumb"},"inLanguage":"de","potentialAction":[{"@type":"ReadAction","target":["https:\/\/nexushealth.swiss\/de\/produit\/calm\/"]}]},{"@type":"ImageObject","inLanguage":"de","@id":"https:\/\/nexushealth.swiss\/de\/produit\/calm\/#primaryimage","url":"https:\/\/nexushealth.swiss\/wp-content\/uploads\/2025\/09\/Calm.jpg","contentUrl":"https:\/\/nexushealth.swiss\/wp-content\/uploads\/2025\/09\/Calm.jpg","width":1200,"height":1500},{"@type":"BreadcrumbList","@id":"https:\/\/nexushealth.swiss\/de\/produit\/calm\/#breadcrumb","itemListElement":[{"@type":"ListItem","position":1,"name":"Accueil","item":"https:\/\/nexushealth.swiss\/de\/startseite\/"},{"@type":"ListItem","position":2,"name":"Shop","item":"https:\/\/nexushealth.swiss\/de\/shop\/"},{"@type":"ListItem","position":3,"name":"Calm"}]},{"@type":"WebSite","@id":"https:\/\/nexushealth.swiss\/de\/#website","url":"https:\/\/nexushealth.swiss\/de\/","name":"Nexus Health Swiss","description":"Qualit\u00e9 - Puret\u00e9 - Bien-\u00eatre","publisher":{"@id":"https:\/\/nexushealth.swiss\/de\/#organization"},"potentialAction":[{"@type":"SearchAction","target":{"@type":"EntryPoint","urlTemplate":"https:\/\/nexushealth.swiss\/de\/?s={search_term_string}"},"query-input":{"@type":"PropertyValueSpecification","valueRequired":true,"valueName":"search_term_string"}}],"inLanguage":"de"},{"@type":"Organization","@id":"https:\/\/nexushealth.swiss\/de\/#organization","name":"Nexus Health Swiss","alternateName":"Nexus Health","url":"https:\/\/nexushealth.swiss\/de\/","logo":{"@type":"ImageObject","inLanguage":"de","@id":"https:\/\/nexushealth.swiss\/de\/#\/schema\/logo\/image\/","url":"https:\/\/nexushealth.swiss\/wp-content\/uploads\/2025\/11\/Nexus_logo.jpg","contentUrl":"https:\/\/nexushealth.swiss\/wp-content\/uploads\/2025\/11\/Nexus_logo.jpg","width":1467,"height":658,"caption":"Nexus Health Swiss"},"image":{"@id":"https:\/\/nexushealth.swiss\/de\/#\/schema\/logo\/image\/"},"sameAs":["https:\/\/www.facebook.com\/profile.php?id=61568459648258","https:\/\/www.instagram.com\/nexus_health_swiss","https:\/\/www.linkedin.com\/company\/nexus-health-swiss\/posts\/?feedView=all"]}]}},"_links":{"self":[{"href":"https:\/\/nexushealth.swiss\/de\/wp-json\/wp\/v2\/product\/1816","targetHints":{"allow":["GET"]}}],"collection":[{"href":"https:\/\/nexushealth.swiss\/de\/wp-json\/wp\/v2\/product"}],"about":[{"href":"https:\/\/nexushealth.swiss\/de\/wp-json\/wp\/v2\/types\/product"}],"replies":[{"embeddable":true,"href":"https:\/\/nexushealth.swiss\/de\/wp-json\/wp\/v2\/comments?post=1816"}],"version-history":[{"count":2,"href":"https:\/\/nexushealth.swiss\/de\/wp-json\/wp\/v2\/product\/1816\/revisions"}],"predecessor-version":[{"id":1927,"href":"https:\/\/nexushealth.swiss\/de\/wp-json\/wp\/v2\/product\/1816\/revisions\/1927"}],"wp:featuredmedia":[{"embeddable":true,"href":"https:\/\/nexushealth.swiss\/de\/wp-json\/wp\/v2\/media\/1818"}],"wp:attachment":[{"href":"https:\/\/nexushealth.swiss\/de\/wp-json\/wp\/v2\/media?parent=1816"}],"wp:term":[{"taxonomy":"product_brand","embeddable":true,"href":"https:\/\/nexushealth.swiss\/de\/wp-json\/wp\/v2\/product_brand?post=1816"},{"taxonomy":"product_cat","embeddable":true,"href":"https:\/\/nexushealth.swiss\/de\/wp-json\/wp\/v2\/product_cat?post=1816"},{"taxonomy":"product_tag","embeddable":true,"href":"https:\/\/nexushealth.swiss\/de\/wp-json\/wp\/v2\/product_tag?post=1816"}],"curies":[{"name":"wp","href":"https:\/\/api.w.org\/{rel}","templated":true}]}}