{"id":1721,"date":"2025-09-17T12:15:42","date_gmt":"2025-09-17T12:15:42","guid":{"rendered":"https:\/\/nexushealth.swiss\/kontakt\/"},"modified":"2026-02-24T15:51:46","modified_gmt":"2026-02-24T15:51:46","slug":"kontakt","status":"publish","type":"page","link":"https:\/\/nexushealth.swiss\/de\/kontakt\/","title":{"rendered":"Kontakt"},"content":{"rendered":"\t\t<div data-elementor-type=\"wp-page\" data-elementor-id=\"1721\" class=\"elementor elementor-1721 elementor-566\" data-elementor-post-type=\"page\">\n\t\t\t\t<div class=\"elementor-element elementor-element-7151fcc e-flex e-con-boxed e-con e-parent\" data-id=\"7151fcc\" data-element_type=\"container\" data-e-type=\"container\" data-settings=\"{&quot;background_background&quot;:&quot;classic&quot;}\">\n\t\t\t\t\t<div class=\"e-con-inner\">\n\t\t\t\t<div class=\"elementor-element elementor-element-ca3123e elementor-widget elementor-widget-heading\" data-id=\"ca3123e\" data-element_type=\"widget\" data-e-type=\"widget\" data-widget_type=\"heading.default\">\n\t\t\t\t<div class=\"elementor-widget-container\">\n\t\t\t\t\t<h1 class=\"elementor-heading-title elementor-size-default\">Kontaktieren Sie uns<\/h1>\t\t\t\t<\/div>\n\t\t\t\t<\/div>\n\t\t\t\t\t<\/div>\n\t\t\t\t<\/div>\n\t\t<div class=\"elementor-element elementor-element-252e973 e-flex e-con-boxed e-con e-parent\" data-id=\"252e973\" data-element_type=\"container\" data-e-type=\"container\">\n\t\t\t\t\t<div class=\"e-con-inner\">\n\t\t<div class=\"elementor-element elementor-element-d57ccb1 e-con-full e-flex e-con e-child\" data-id=\"d57ccb1\" data-element_type=\"container\" data-e-type=\"container\">\n\t\t<div class=\"elementor-element elementor-element-82f687c e-con-full e-flex e-con e-child\" data-id=\"82f687c\" data-element_type=\"container\" data-e-type=\"container\">\n\t\t\t\t<div class=\"elementor-element elementor-element-c970029 elementor-widget elementor-widget-heading\" data-id=\"c970029\" data-element_type=\"widget\" data-e-type=\"widget\" data-widget_type=\"heading.default\">\n\t\t\t\t<div class=\"elementor-widget-container\">\n\t\t\t\t\t<h2 class=\"elementor-heading-title elementor-size-default\">Kontakt<\/h2>\t\t\t\t<\/div>\n\t\t\t\t<\/div>\n\t\t<div class=\"elementor-element elementor-element-3f2750e e-con-full e-flex e-con e-child\" data-id=\"3f2750e\" data-element_type=\"container\" data-e-type=\"container\">\n\t\t<div class=\"elementor-element elementor-element-85b99ee e-con-full e-flex e-con e-child\" data-id=\"85b99ee\" data-element_type=\"container\" data-e-type=\"container\">\n\t\t\t\t<div class=\"elementor-element elementor-element-09077f6 elementor-widget elementor-widget-heading\" data-id=\"09077f6\" data-element_type=\"widget\" data-e-type=\"widget\" data-widget_type=\"heading.default\">\n\t\t\t\t<div class=\"elementor-widget-container\">\n\t\t\t\t\t<h4 class=\"elementor-heading-title elementor-size-default\">Nexus Health Swiss S\u00e0rl<\/h4>\t\t\t\t<\/div>\n\t\t\t\t<\/div>\n\t\t\t\t<div class=\"elementor-element elementor-element-a581654 elementor-widget elementor-widget-heading\" data-id=\"a581654\" data-element_type=\"widget\" data-e-type=\"widget\" data-widget_type=\"heading.default\">\n\t\t\t\t<div class=\"elementor-widget-container\">\n\t\t\t\t\t<h5 class=\"elementor-heading-title elementor-size-default\">Route des Taulettes 40 <p>\n3975 Crans-Montana\n<br>Schweiz<\/h5>\t\t\t\t<\/div>\n\t\t\t\t<\/div>\n\t\t\t\t<\/div>\n\t\t<div class=\"elementor-element elementor-element-747073c e-con-full e-flex e-con e-child\" data-id=\"747073c\" data-element_type=\"container\" data-e-type=\"container\">\n\t\t\t\t<div class=\"elementor-element elementor-element-9793e55 elementor-widget elementor-widget-heading\" data-id=\"9793e55\" data-element_type=\"widget\" data-e-type=\"widget\" data-widget_type=\"heading.default\">\n\t\t\t\t<div class=\"elementor-widget-container\">\n\t\t\t\t\t<h4 class=\"elementor-heading-title elementor-size-default\">E-Mail-Adresse<\/h4>\t\t\t\t<\/div>\n\t\t\t\t<\/div>\n\t\t\t\t<div class=\"elementor-element elementor-element-9931340 elementor-widget elementor-widget-heading\" data-id=\"9931340\" data-element_type=\"widget\" data-e-type=\"widget\" data-widget_type=\"heading.default\">\n\t\t\t\t<div class=\"elementor-widget-container\">\n\t\t\t\t\t<h5 class=\"elementor-heading-title elementor-size-default\">contact@nexushealth.swiss<\/h5>\t\t\t\t<\/div>\n\t\t\t\t<\/div>\n\t\t\t\t<\/div>\n\t\t<div class=\"elementor-element elementor-element-fd60940 e-con-full e-flex e-con e-child\" data-id=\"fd60940\" data-element_type=\"container\" data-e-type=\"container\">\n\t\t\t\t<div class=\"elementor-element elementor-element-da5a6ba elementor-widget elementor-widget-heading\" data-id=\"da5a6ba\" data-element_type=\"widget\" data-e-type=\"widget\" data-widget_type=\"heading.default\">\n\t\t\t\t<div class=\"elementor-widget-container\">\n\t\t\t\t\t<h4 class=\"elementor-heading-title elementor-size-default\">Telefon<\/h4>\t\t\t\t<\/div>\n\t\t\t\t<\/div>\n\t\t\t\t<div class=\"elementor-element elementor-element-c1e157c elementor-widget elementor-widget-heading\" data-id=\"c1e157c\" data-element_type=\"widget\" data-e-type=\"widget\" data-widget_type=\"heading.default\">\n\t\t\t\t<div class=\"elementor-widget-container\">\n\t\t\t\t\t<h5 class=\"elementor-heading-title elementor-size-default\">079 916 35 38<\/h5>\t\t\t\t<\/div>\n\t\t\t\t<\/div>\n\t\t\t\t<\/div>\n\t\t<div class=\"elementor-element elementor-element-aa64625 e-con-full e-flex e-con e-child\" data-id=\"aa64625\" data-element_type=\"container\" data-e-type=\"container\">\n\t\t\t\t<div class=\"elementor-element elementor-element-eb81f2a elementor-widget elementor-widget-heading\" data-id=\"eb81f2a\" data-element_type=\"widget\" data-e-type=\"widget\" data-widget_type=\"heading.default\">\n\t\t\t\t<div class=\"elementor-widget-container\">\n\t\t\t\t\t<h4 class=\"elementor-heading-title elementor-size-default\">Soziale Medien<\/h4>\t\t\t\t<\/div>\n\t\t\t\t<\/div>\n\t\t\t\t<div class=\"elementor-element elementor-element-e1f60b4 elementor-shape-circle e-grid-align-mobile-left e-grid-align-left elementor-grid-0 elementor-widget elementor-widget-social-icons\" data-id=\"e1f60b4\" data-element_type=\"widget\" data-e-type=\"widget\" data-widget_type=\"social-icons.default\">\n\t\t\t\t<div class=\"elementor-widget-container\">\n\t\t\t\t\t\t\t<div class=\"elementor-social-icons-wrapper elementor-grid\" role=\"list\">\n\t\t\t\t\t\t\t<span class=\"elementor-grid-item\" role=\"listitem\">\n\t\t\t\t\t<a class=\"elementor-icon elementor-social-icon elementor-social-icon-facebook-f elementor-repeater-item-de66a26\" href=\"https:\/\/www.facebook.com\/profile.php?id=61568459648258\" target=\"_blank\">\n\t\t\t\t\t\t<span class=\"elementor-screen-only\">Facebook-f<\/span>\n\t\t\t\t\t\t<svg aria-hidden=\"true\" class=\"e-font-icon-svg e-fab-facebook-f\" viewBox=\"0 0 320 512\" xmlns=\"http:\/\/www.w3.org\/2000\/svg\"><path d=\"M279.14 288l14.22-92.66h-88.91v-60.13c0-25.35 12.42-50.06 52.24-50.06h40.42V6.26S260.43 0 225.36 0c-73.22 0-121.08 44.38-121.08 124.72v70.62H22.89V288h81.39v224h100.17V288z\"><\/path><\/svg>\t\t\t\t\t<\/a>\n\t\t\t\t<\/span>\n\t\t\t\t\t\t\t<span class=\"elementor-grid-item\" role=\"listitem\">\n\t\t\t\t\t<a class=\"elementor-icon elementor-social-icon elementor-social-icon-instagram elementor-repeater-item-27641cc\" href=\"https:\/\/www.instagram.com\/nexus_health_swiss\/\" target=\"_blank\">\n\t\t\t\t\t\t<span class=\"elementor-screen-only\">Instagram<\/span>\n\t\t\t\t\t\t<svg aria-hidden=\"true\" class=\"e-font-icon-svg e-fab-instagram\" viewBox=\"0 0 448 512\" xmlns=\"http:\/\/www.w3.org\/2000\/svg\"><path d=\"M224.1 141c-63.6 0-114.9 51.3-114.9 114.9s51.3 114.9 114.9 114.9S339 319.5 339 255.9 287.7 141 224.1 141zm0 189.6c-41.1 0-74.7-33.5-74.7-74.7s33.5-74.7 74.7-74.7 74.7 33.5 74.7 74.7-33.6 74.7-74.7 74.7zm146.4-194.3c0 14.9-12 26.8-26.8 26.8-14.9 0-26.8-12-26.8-26.8s12-26.8 26.8-26.8 26.8 12 26.8 26.8zm76.1 27.2c-1.7-35.9-9.9-67.7-36.2-93.9-26.2-26.2-58-34.4-93.9-36.2-37-2.1-147.9-2.1-184.9 0-35.8 1.7-67.6 9.9-93.9 36.1s-34.4 58-36.2 93.9c-2.1 37-2.1 147.9 0 184.9 1.7 35.9 9.9 67.7 36.2 93.9s58 34.4 93.9 36.2c37 2.1 147.9 2.1 184.9 0 35.9-1.7 67.7-9.9 93.9-36.2 26.2-26.2 34.4-58 36.2-93.9 2.1-37 2.1-147.8 0-184.8zM398.8 388c-7.8 19.6-22.9 34.7-42.6 42.6-29.5 11.7-99.5 9-132.1 9s-102.7 2.6-132.1-9c-19.6-7.8-34.7-22.9-42.6-42.6-11.7-29.5-9-99.5-9-132.1s-2.6-102.7 9-132.1c7.8-19.6 22.9-34.7 42.6-42.6 29.5-11.7 99.5-9 132.1-9s102.7-2.6 132.1 9c19.6 7.8 34.7 22.9 42.6 42.6 11.7 29.5 9 99.5 9 132.1s2.7 102.7-9 132.1z\"><\/path><\/svg>\t\t\t\t\t<\/a>\n\t\t\t\t<\/span>\n\t\t\t\t\t\t\t<span class=\"elementor-grid-item\" role=\"listitem\">\n\t\t\t\t\t<a class=\"elementor-icon elementor-social-icon elementor-social-icon-linkedin elementor-repeater-item-02d91b9\" href=\"https:\/\/www.linkedin.com\/company\/nexus-health-swiss\/posts\/?feedView=all\" target=\"_blank\">\n\t\t\t\t\t\t<span class=\"elementor-screen-only\">Linkedin<\/span>\n\t\t\t\t\t\t<svg aria-hidden=\"true\" class=\"e-font-icon-svg e-fab-linkedin\" viewBox=\"0 0 448 512\" xmlns=\"http:\/\/www.w3.org\/2000\/svg\"><path d=\"M416 32H31.9C14.3 32 0 46.5 0 64.3v383.4C0 465.5 14.3 480 31.9 480H416c17.6 0 32-14.5 32-32.3V64.3c0-17.8-14.4-32.3-32-32.3zM135.4 416H69V202.2h66.5V416zm-33.2-243c-21.3 0-38.5-17.3-38.5-38.5S80.9 96 102.2 96c21.2 0 38.5 17.3 38.5 38.5 0 21.3-17.2 38.5-38.5 38.5zm282.1 243h-66.4V312c0-24.8-.5-56.7-34.5-56.7-34.6 0-39.9 27-39.9 54.9V416h-66.4V202.2h63.7v29.2h.9c8.9-16.8 30.6-34.5 62.9-34.5 67.2 0 79.7 44.3 79.7 101.9V416z\"><\/path><\/svg>\t\t\t\t\t<\/a>\n\t\t\t\t<\/span>\n\t\t\t\t\t<\/div>\n\t\t\t\t\t\t<\/div>\n\t\t\t\t<\/div>\n\t\t\t\t<\/div>\n\t\t\t\t<\/div>\n\t\t\t\t<\/div>\n\t\t\t\t<\/div>\n\t\t\t\t\t<\/div>\n\t\t\t\t<\/div>\n\t\t<div class=\"elementor-element elementor-element-5110a26 e-flex e-con-boxed e-con e-parent\" data-id=\"5110a26\" data-element_type=\"container\" data-e-type=\"container\">\n\t\t\t\t\t<div class=\"e-con-inner\">\n\t\t<div class=\"elementor-element elementor-element-84d8cb6 e-con-full e-flex e-con e-child\" data-id=\"84d8cb6\" data-element_type=\"container\" data-e-type=\"container\" data-settings=\"{&quot;background_background&quot;:&quot;classic&quot;}\">\n\t\t\t\t<div class=\"elementor-element elementor-element-431046b elementor-button-align-center elementor-widget elementor-widget-form\" data-id=\"431046b\" data-element_type=\"widget\" data-e-type=\"widget\" data-settings=\"{&quot;step_next_label&quot;:&quot;Weiter&quot;,&quot;step_previous_label&quot;:&quot;Zur\\u00fcck&quot;,&quot;button_width&quot;:&quot;100&quot;,&quot;step_type&quot;:&quot;number_text&quot;,&quot;step_icon_shape&quot;:&quot;circle&quot;}\" data-widget_type=\"form.default\">\n\t\t\t\t<div class=\"elementor-widget-container\">\n\t\t\t\t\t\t\t<form class=\"elementor-form\" method=\"post\" name=\"Neues Formular\" aria-label=\"Neues Formular\">\n\t\t\t<input type=\"hidden\" name=\"post_id\" value=\"1721\"\/>\n\t\t\t<input type=\"hidden\" name=\"form_id\" value=\"431046b\"\/>\n\t\t\t<input type=\"hidden\" name=\"referer_title\" value=\"Nexus Health Swiss\" \/>\n\n\t\t\t\n\t\t\t<div class=\"elementor-form-fields-wrapper elementor-labels-above\">\n\t\t\t\t\t\t\t\t<div class=\"elementor-field-type-text elementor-field-group elementor-column elementor-field-group-name elementor-col-50\">\n\t\t\t\t\t\t\t\t\t\t\t\t<label for=\"form-field-name\" class=\"elementor-field-label\">\n\t\t\t\t\t\t\t\tVorname\t\t\t\t\t\t\t<\/label>\n\t\t\t\t\t\t\t\t\t\t\t\t\t\t<input size=\"1\" type=\"text\" name=\"form_fields[name]\" id=\"form-field-name\" class=\"elementor-field elementor-size-xs  elementor-field-textual\">\n\t\t\t\t\t\t\t\t\t\t\t<\/div>\n\t\t\t\t\t\t\t\t<div class=\"elementor-field-type-text elementor-field-group elementor-column elementor-field-group-field_49bc3da elementor-col-50\">\n\t\t\t\t\t\t\t\t\t\t\t\t<label for=\"form-field-field_49bc3da\" class=\"elementor-field-label\">\n\t\t\t\t\t\t\t\tNachname\t\t\t\t\t\t\t<\/label>\n\t\t\t\t\t\t\t\t\t\t\t\t\t\t<input size=\"1\" type=\"text\" name=\"form_fields[field_49bc3da]\" id=\"form-field-field_49bc3da\" class=\"elementor-field elementor-size-xs  elementor-field-textual\">\n\t\t\t\t\t\t\t\t\t\t\t<\/div>\n\t\t\t\t\t\t\t\t<div class=\"elementor-field-type-tel elementor-field-group elementor-column elementor-field-group-field_189bb60 elementor-col-50\">\n\t\t\t\t\t\t\t\t\t\t\t\t<label for=\"form-field-field_189bb60\" class=\"elementor-field-label\">\n\t\t\t\t\t\t\t\tTelefonnummer\t\t\t\t\t\t\t<\/label>\n\t\t\t\t\t\t\t\t<input size=\"1\" type=\"tel\" name=\"form_fields[field_189bb60]\" id=\"form-field-field_189bb60\" class=\"elementor-field elementor-size-xs  elementor-field-textual\" pattern=\"[0-9()#&amp;+*-=.]+\" title=\"Nur Nummern oder Telefon-Zeichen (#, -, *, etc) werden akzeptiert.\">\n\n\t\t\t\t\t\t<\/div>\n\t\t\t\t\t\t\t\t<div class=\"elementor-field-type-email elementor-field-group elementor-column elementor-field-group-email elementor-col-50 elementor-field-required\">\n\t\t\t\t\t\t\t\t\t\t\t\t<label for=\"form-field-email\" class=\"elementor-field-label\">\n\t\t\t\t\t\t\t\tE-Mail-Adresse\t\t\t\t\t\t\t<\/label>\n\t\t\t\t\t\t\t\t\t\t\t\t\t\t<input size=\"1\" type=\"email\" name=\"form_fields[email]\" id=\"form-field-email\" class=\"elementor-field elementor-size-xs  elementor-field-textual\" required=\"required\">\n\t\t\t\t\t\t\t\t\t\t\t<\/div>\n\t\t\t\t\t\t\t\t<div class=\"elementor-field-type-textarea elementor-field-group elementor-column elementor-field-group-message elementor-col-100\">\n\t\t\t\t\t\t\t\t\t\t\t\t<label for=\"form-field-message\" class=\"elementor-field-label\">\n\t\t\t\t\t\t\t\tWie kann ich Ihnen helfen?\t\t\t\t\t\t\t<\/label>\n\t\t\t\t\t\t<textarea class=\"elementor-field-textual elementor-field  elementor-size-xs\" name=\"form_fields[message]\" id=\"form-field-message\" rows=\"7\"><\/textarea>\t\t\t\t<\/div>\n\t\t\t\t\t\t\t\t<div class=\"elementor-field-type-recaptcha_v3 elementor-field-group elementor-column elementor-field-group-field_f7b5b18 elementor-col-100 recaptcha_v3-bottomright\">\n\t\t\t\t\t<div class=\"elementor-field\" id=\"form-field-field_f7b5b18\"><div class=\"elementor-g-recaptcha\" data-sitekey=\"6LcRPv4rAAAAAG_j1fdCLn6zINWlHssL4z7XiQid\" data-type=\"v3\" data-action=\"Form\" data-badge=\"bottomright\" data-size=\"invisible\"><\/div><\/div>\t\t\t\t<\/div>\n\t\t\t\t\t\t\t\t<div class=\"elementor-field-group elementor-column elementor-field-type-submit elementor-col-100 e-form__buttons\">\n\t\t\t\t\t<button class=\"elementor-button elementor-size-sm\" type=\"submit\">\n\t\t\t\t\t\t<span class=\"elementor-button-content-wrapper\">\n\t\t\t\t\t\t\t\t\t\t\t\t\t\t\t\t\t\t\t\t\t\t<span class=\"elementor-button-text\">Senden<\/span>\n\t\t\t\t\t\t\t\t\t\t\t\t\t<\/span>\n\t\t\t\t\t<\/button>\n\t\t\t\t<\/div>\n\t\t\t<\/div>\n\t\t<\/form>\n\t\t\t\t\t\t<\/div>\n\t\t\t\t<\/div>\n\t\t\t\t<\/div>\n\t\t\t\t\t<\/div>\n\t\t\t\t<\/div>\n\t\t<div class=\"elementor-element elementor-element-2377e79 e-flex e-con-boxed e-con e-parent\" data-id=\"2377e79\" data-element_type=\"container\" data-e-type=\"container\">\n\t\t\t\t\t<div class=\"e-con-inner\">\n\t\t\t\t<div class=\"elementor-element elementor-element-3190b39 elementor-widget elementor-widget-image\" data-id=\"3190b39\" data-element_type=\"widget\" data-e-type=\"widget\" data-widget_type=\"image.default\">\n\t\t\t\t<div class=\"elementor-widget-container\">\n\t\t\t\t\t\t\t\t\t\t\t\t\t\t\t<img fetchpriority=\"high\" decoding=\"async\" width=\"1000\" height=\"601\" src=\"https:\/\/nexushealth.swiss\/wp-content\/uploads\/2026\/02\/Nexus-Health-Swiss-4LR.webp\" class=\"attachment-full size-full wp-image-1726\" alt=\"\" srcset=\"https:\/\/nexushealth.swiss\/wp-content\/uploads\/2026\/02\/Nexus-Health-Swiss-4LR.webp 1000w, https:\/\/nexushealth.swiss\/wp-content\/uploads\/2026\/02\/Nexus-Health-Swiss-4LR-300x180.webp 300w, https:\/\/nexushealth.swiss\/wp-content\/uploads\/2026\/02\/Nexus-Health-Swiss-4LR-768x462.webp 768w, https:\/\/nexushealth.swiss\/wp-content\/uploads\/2026\/02\/Nexus-Health-Swiss-4LR-600x361.webp 600w\" sizes=\"(max-width: 1000px) 100vw, 1000px\" \/>\t\t\t\t\t\t\t\t\t\t\t\t\t\t\t<\/div>\n\t\t\t\t<\/div>\n\t\t\t\t\t<\/div>\n\t\t\t\t<\/div>\n\t\t\t\t<\/div>\n\t\t","protected":false},"excerpt":{"rendered":"<p>Kontaktieren Sie uns Kontakt Nexus Health Swiss S\u00e0rl Route des Taulettes 40 3975 Crans-Montana Schweiz E-Mail-Adresse contact@nexushealth.swiss Telefon 079 916 35 38 Soziale Medien Facebook-f Instagram Linkedin<\/p>\n","protected":false},"author":1,"featured_media":0,"parent":0,"menu_order":0,"comment_status":"closed","ping_status":"closed","template":"","meta":{"_acf_changed":false,"_glsr_average":0,"_glsr_ranking":0,"_glsr_reviews":0,"footnotes":""},"class_list":["post-1721","page","type-page","status-publish","hentry"],"acf":[],"yoast_head":"<!-- This site is optimized with the Yoast SEO plugin v27.2 - https:\/\/yoast.com\/product\/yoast-seo-wordpress\/ -->\n<title>Kontakt - Nexus Health Swiss<\/title>\n<meta name=\"robots\" content=\"index, follow, max-snippet:-1, max-image-preview:large, max-video-preview:-1\" \/>\n<link rel=\"canonical\" href=\"https:\/\/nexushealth.swiss\/de\/kontakt\/\" \/>\n<meta property=\"og:locale\" content=\"de_DE\" \/>\n<meta property=\"og:type\" content=\"article\" \/>\n<meta property=\"og:title\" content=\"Kontakt - Nexus Health Swiss\" \/>\n<meta property=\"og:description\" content=\"Kontaktieren Sie uns Kontakt Nexus Health Swiss S\u00e0rl Route des Taulettes 40 3975 Crans-Montana Schweiz E-Mail-Adresse contact@nexushealth.swiss Telefon 079 916 35 38 Soziale Medien Facebook-f Instagram Linkedin\" \/>\n<meta property=\"og:url\" content=\"https:\/\/nexushealth.swiss\/de\/kontakt\/\" \/>\n<meta property=\"og:site_name\" content=\"Nexus Health Swiss\" \/>\n<meta property=\"article:publisher\" content=\"https:\/\/www.facebook.com\/profile.php?id=61568459648258\" \/>\n<meta property=\"article:modified_time\" content=\"2026-02-24T15:51:46+00:00\" \/>\n<meta property=\"og:image\" content=\"https:\/\/nexushealth.swiss\/wp-content\/uploads\/2026\/02\/Nexus-Health-Swiss-4LR.webp\" \/>\n\t<meta property=\"og:image:width\" content=\"1000\" \/>\n\t<meta property=\"og:image:height\" content=\"601\" \/>\n\t<meta property=\"og:image:type\" content=\"image\/webp\" \/>\n<meta name=\"twitter:card\" content=\"summary_large_image\" \/>\n<script type=\"application\/ld+json\" class=\"yoast-schema-graph\">{\"@context\":\"https:\/\/schema.org\",\"@graph\":[{\"@type\":\"WebPage\",\"@id\":\"https:\/\/nexushealth.swiss\/de\/kontakt\/\",\"url\":\"https:\/\/nexushealth.swiss\/de\/kontakt\/\",\"name\":\"Kontakt - Nexus Health Swiss\",\"isPartOf\":{\"@id\":\"https:\/\/nexushealth.swiss\/de\/#website\"},\"primaryImageOfPage\":{\"@id\":\"https:\/\/nexushealth.swiss\/de\/kontakt\/#primaryimage\"},\"image\":{\"@id\":\"https:\/\/nexushealth.swiss\/de\/kontakt\/#primaryimage\"},\"thumbnailUrl\":\"https:\/\/nexushealth.swiss\/wp-content\/uploads\/2026\/02\/Nexus-Health-Swiss-4LR.webp\",\"datePublished\":\"2025-09-17T12:15:42+00:00\",\"dateModified\":\"2026-02-24T15:51:46+00:00\",\"breadcrumb\":{\"@id\":\"https:\/\/nexushealth.swiss\/de\/kontakt\/#breadcrumb\"},\"inLanguage\":\"de\",\"potentialAction\":[{\"@type\":\"ReadAction\",\"target\":[\"https:\/\/nexushealth.swiss\/de\/kontakt\/\"]}]},{\"@type\":\"ImageObject\",\"inLanguage\":\"de\",\"@id\":\"https:\/\/nexushealth.swiss\/de\/kontakt\/#primaryimage\",\"url\":\"https:\/\/nexushealth.swiss\/wp-content\/uploads\/2026\/02\/Nexus-Health-Swiss-4LR.webp\",\"contentUrl\":\"https:\/\/nexushealth.swiss\/wp-content\/uploads\/2026\/02\/Nexus-Health-Swiss-4LR.webp\"},{\"@type\":\"BreadcrumbList\",\"@id\":\"https:\/\/nexushealth.swiss\/de\/kontakt\/#breadcrumb\",\"itemListElement\":[{\"@type\":\"ListItem\",\"position\":1,\"name\":\"Accueil\",\"item\":\"https:\/\/nexushealth.swiss\/de\/startseite\/\"},{\"@type\":\"ListItem\",\"position\":2,\"name\":\"Kontakt\"}]},{\"@type\":\"WebSite\",\"@id\":\"https:\/\/nexushealth.swiss\/de\/#website\",\"url\":\"https:\/\/nexushealth.swiss\/de\/\",\"name\":\"Nexus Health Swiss\",\"description\":\"Qualit\u00e9 - Puret\u00e9 - Bien-\u00eatre\",\"publisher\":{\"@id\":\"https:\/\/nexushealth.swiss\/de\/#organization\"},\"potentialAction\":[{\"@type\":\"SearchAction\",\"target\":{\"@type\":\"EntryPoint\",\"urlTemplate\":\"https:\/\/nexushealth.swiss\/de\/?s={search_term_string}\"},\"query-input\":{\"@type\":\"PropertyValueSpecification\",\"valueRequired\":true,\"valueName\":\"search_term_string\"}}],\"inLanguage\":\"de\"},{\"@type\":\"Organization\",\"@id\":\"https:\/\/nexushealth.swiss\/de\/#organization\",\"name\":\"Nexus Health Swiss\",\"alternateName\":\"Nexus Health\",\"url\":\"https:\/\/nexushealth.swiss\/de\/\",\"logo\":{\"@type\":\"ImageObject\",\"inLanguage\":\"de\",\"@id\":\"https:\/\/nexushealth.swiss\/de\/#\/schema\/logo\/image\/\",\"url\":\"https:\/\/nexushealth.swiss\/wp-content\/uploads\/2025\/11\/Nexus_logo.jpg\",\"contentUrl\":\"https:\/\/nexushealth.swiss\/wp-content\/uploads\/2025\/11\/Nexus_logo.jpg\",\"width\":1467,\"height\":658,\"caption\":\"Nexus Health Swiss\"},\"image\":{\"@id\":\"https:\/\/nexushealth.swiss\/de\/#\/schema\/logo\/image\/\"},\"sameAs\":[\"https:\/\/www.facebook.com\/profile.php?id=61568459648258\",\"https:\/\/www.instagram.com\/nexus_health_swiss\",\"https:\/\/www.linkedin.com\/company\/nexus-health-swiss\/posts\/?feedView=all\"]}]}<\/script>\n<!-- \/ Yoast SEO plugin. -->","yoast_head_json":{"title":"Kontakt - Nexus Health Swiss","robots":{"index":"index","follow":"follow","max-snippet":"max-snippet:-1","max-image-preview":"max-image-preview:large","max-video-preview":"max-video-preview:-1"},"canonical":"https:\/\/nexushealth.swiss\/de\/kontakt\/","og_locale":"de_DE","og_type":"article","og_title":"Kontakt - Nexus Health Swiss","og_description":"Kontaktieren Sie uns Kontakt Nexus Health Swiss S\u00e0rl Route des Taulettes 40 3975 Crans-Montana Schweiz E-Mail-Adresse contact@nexushealth.swiss Telefon 079 916 35 38 Soziale Medien Facebook-f Instagram Linkedin","og_url":"https:\/\/nexushealth.swiss\/de\/kontakt\/","og_site_name":"Nexus Health Swiss","article_publisher":"https:\/\/www.facebook.com\/profile.php?id=61568459648258","article_modified_time":"2026-02-24T15:51:46+00:00","og_image":[{"width":1000,"height":601,"url":"https:\/\/nexushealth.swiss\/wp-content\/uploads\/2026\/02\/Nexus-Health-Swiss-4LR.webp","type":"image\/webp"}],"twitter_card":"summary_large_image","schema":{"@context":"https:\/\/schema.org","@graph":[{"@type":"WebPage","@id":"https:\/\/nexushealth.swiss\/de\/kontakt\/","url":"https:\/\/nexushealth.swiss\/de\/kontakt\/","name":"Kontakt - Nexus Health Swiss","isPartOf":{"@id":"https:\/\/nexushealth.swiss\/de\/#website"},"primaryImageOfPage":{"@id":"https:\/\/nexushealth.swiss\/de\/kontakt\/#primaryimage"},"image":{"@id":"https:\/\/nexushealth.swiss\/de\/kontakt\/#primaryimage"},"thumbnailUrl":"https:\/\/nexushealth.swiss\/wp-content\/uploads\/2026\/02\/Nexus-Health-Swiss-4LR.webp","datePublished":"2025-09-17T12:15:42+00:00","dateModified":"2026-02-24T15:51:46+00:00","breadcrumb":{"@id":"https:\/\/nexushealth.swiss\/de\/kontakt\/#breadcrumb"},"inLanguage":"de","potentialAction":[{"@type":"ReadAction","target":["https:\/\/nexushealth.swiss\/de\/kontakt\/"]}]},{"@type":"ImageObject","inLanguage":"de","@id":"https:\/\/nexushealth.swiss\/de\/kontakt\/#primaryimage","url":"https:\/\/nexushealth.swiss\/wp-content\/uploads\/2026\/02\/Nexus-Health-Swiss-4LR.webp","contentUrl":"https:\/\/nexushealth.swiss\/wp-content\/uploads\/2026\/02\/Nexus-Health-Swiss-4LR.webp"},{"@type":"BreadcrumbList","@id":"https:\/\/nexushealth.swiss\/de\/kontakt\/#breadcrumb","itemListElement":[{"@type":"ListItem","position":1,"name":"Accueil","item":"https:\/\/nexushealth.swiss\/de\/startseite\/"},{"@type":"ListItem","position":2,"name":"Kontakt"}]},{"@type":"WebSite","@id":"https:\/\/nexushealth.swiss\/de\/#website","url":"https:\/\/nexushealth.swiss\/de\/","name":"Nexus Health Swiss","description":"Qualit\u00e9 - Puret\u00e9 - Bien-\u00eatre","publisher":{"@id":"https:\/\/nexushealth.swiss\/de\/#organization"},"potentialAction":[{"@type":"SearchAction","target":{"@type":"EntryPoint","urlTemplate":"https:\/\/nexushealth.swiss\/de\/?s={search_term_string}"},"query-input":{"@type":"PropertyValueSpecification","valueRequired":true,"valueName":"search_term_string"}}],"inLanguage":"de"},{"@type":"Organization","@id":"https:\/\/nexushealth.swiss\/de\/#organization","name":"Nexus Health Swiss","alternateName":"Nexus Health","url":"https:\/\/nexushealth.swiss\/de\/","logo":{"@type":"ImageObject","inLanguage":"de","@id":"https:\/\/nexushealth.swiss\/de\/#\/schema\/logo\/image\/","url":"https:\/\/nexushealth.swiss\/wp-content\/uploads\/2025\/11\/Nexus_logo.jpg","contentUrl":"https:\/\/nexushealth.swiss\/wp-content\/uploads\/2025\/11\/Nexus_logo.jpg","width":1467,"height":658,"caption":"Nexus Health Swiss"},"image":{"@id":"https:\/\/nexushealth.swiss\/de\/#\/schema\/logo\/image\/"},"sameAs":["https:\/\/www.facebook.com\/profile.php?id=61568459648258","https:\/\/www.instagram.com\/nexus_health_swiss","https:\/\/www.linkedin.com\/company\/nexus-health-swiss\/posts\/?feedView=all"]}]}},"_links":{"self":[{"href":"https:\/\/nexushealth.swiss\/de\/wp-json\/wp\/v2\/pages\/1721","targetHints":{"allow":["GET"]}}],"collection":[{"href":"https:\/\/nexushealth.swiss\/de\/wp-json\/wp\/v2\/pages"}],"about":[{"href":"https:\/\/nexushealth.swiss\/de\/wp-json\/wp\/v2\/types\/page"}],"author":[{"embeddable":true,"href":"https:\/\/nexushealth.swiss\/de\/wp-json\/wp\/v2\/users\/1"}],"replies":[{"embeddable":true,"href":"https:\/\/nexushealth.swiss\/de\/wp-json\/wp\/v2\/comments?post=1721"}],"version-history":[{"count":1,"href":"https:\/\/nexushealth.swiss\/de\/wp-json\/wp\/v2\/pages\/1721\/revisions"}],"predecessor-version":[{"id":1727,"href":"https:\/\/nexushealth.swiss\/de\/wp-json\/wp\/v2\/pages\/1721\/revisions\/1727"}],"wp:attachment":[{"href":"https:\/\/nexushealth.swiss\/de\/wp-json\/wp\/v2\/media?parent=1721"}],"curies":[{"name":"wp","href":"https:\/\/api.w.org\/{rel}","templated":true}]}}